{"id":2618,"date":"2018-01-31T09:16:59","date_gmt":"2018-01-31T09:16:59","guid":{"rendered":"http:\/\/www.krisspinhoven.com\/?page_id=2618"},"modified":"2024-07-14T19:06:38","modified_gmt":"2024-07-14T19:06:38","slug":"publications","status":"publish","type":"page","link":"https:\/\/www.krisspinhoven.com\/fr\/publications\/","title":{"rendered":"","raw":""},"content":{"rendered":"<div id=\"pl-2618\"  class=\"panel-layout\" ><div id=\"pg-2618-0\"  class=\"panel-grid panel-no-style\" ><div id=\"pgc-2618-0-0\"  class=\"panel-grid-cell\" ><div id=\"panel-2618-0-0-0\" class=\"so-panel widget widget_black-studio-tinymce widget_black_studio_tinymce panel-first-child panel-last-child\" data-index=\"0\" ><div class=\"panel-widget-style panel-widget-style-for-2618-0-0-0\" ><div class=\"textwidget\"><\/div><\/div><\/div><\/div><\/div><div id=\"pg-2618-1\"  class=\"panel-grid panel-no-style\" ><div id=\"pgc-2618-1-0\"  class=\"panel-grid-cell\" ><div id=\"panel-2618-1-0-0\" class=\"so-panel widget widget_black-studio-tinymce widget_black_studio_tinymce panel-first-child panel-last-child\" data-index=\"1\" ><div class=\"textwidget\"><p><img loading=\"lazy\" decoding=\"async\" class=\"aligncenter wp-image-2916 size-large\" src=\"http:\/\/www.krisspinhoven.com\/wp-content\/uploads\/thumbnail_Schermafbeelding-2019-01-06-om-20.50.20-1024x250.png\" alt=\"\" width=\"1024\" height=\"250\" srcset=\"https:\/\/www.krisspinhoven.com\/wp-content\/uploads\/thumbnail_Schermafbeelding-2019-01-06-om-20.50.20-1024x250.png 1024w, https:\/\/www.krisspinhoven.com\/wp-content\/uploads\/thumbnail_Schermafbeelding-2019-01-06-om-20.50.20-300x73.png 300w, https:\/\/www.krisspinhoven.com\/wp-content\/uploads\/thumbnail_Schermafbeelding-2019-01-06-om-20.50.20-768x188.png 768w, https:\/\/www.krisspinhoven.com\/wp-content\/uploads\/thumbnail_Schermafbeelding-2019-01-06-om-20.50.20.png 1280w\" sizes=\"auto, (max-width: 1024px) 100vw, 1024px\" \/><\/p>\n<p>&nbsp;<\/p>\n<p style=\"text-align: center;\"><span class=\"main-tekst-kleurexpo\">Trajectoire - Interview<\/span><\/p>\n<p>&nbsp;<br \/>\n<a href=\"https:\/\/www.mixcloud.com\/trajectoire\/kris-spinhoven-peintre-du-tri%C3%A8ves\/\"><span class=\"main-tekst-kleurexpo\">Cliquez ici:<\/span> <\/a><\/p>\n<p><span class=\"main-tekst\">Qu'elle peigne les paysages du Tri\u00e8ves ou de Hollande, ou encore des portraits, Kris chercher \u00e0 approfondir son sujet, \u00e0 aller au-del\u00e0 des apparences... Laissez-vous toucher \u00e0 votre tour!<\/span><\/p>\n<p>&nbsp;<\/p>\n<p><a href=\"https:\/\/www.mixcloud.com\/trajectoire\/kris-spinhoven-peintre-du-tri%C3%A8ves\/\"><span class=\"main-tekst-kleurexpo\">Klik hier:<\/span> <\/a><\/p>\n<p><span class=\"main-tekst\">Be it in Netherland or in France, painting landscapes or portraying people, Kris tries to stay deeply close to what she paints and to drive you in this intimacy....So let's follow her!<\/span><\/p>\n<\/div><\/div><\/div><\/div><div id=\"pg-2618-2\"  class=\"panel-grid panel-no-style\" ><div id=\"pgc-2618-2-0\"  class=\"panel-grid-cell\" ><div id=\"panel-2618-2-0-0\" class=\"so-panel widget widget_black-studio-tinymce widget_black_studio_tinymce panel-first-child panel-last-child\" data-index=\"2\" ><div class=\"panel-widget-style panel-widget-style-for-2618-2-0-0\" ><div class=\"textwidget\"><\/div><\/div><\/div><\/div><\/div><div id=\"pg-2618-3\"  class=\"panel-grid panel-no-style\" ><div id=\"pgc-2618-3-0\"  class=\"panel-grid-cell\" ><div id=\"panel-2618-3-0-0\" class=\"so-panel widget widget_black-studio-tinymce widget_black_studio_tinymce panel-first-child panel-last-child\" data-index=\"3\" ><div class=\"panel-widget-style panel-widget-style-for-2618-3-0-0\" ><div class=\"textwidget\"><p style=\"text-align: center;\"><span class=\"main-tekst\"><span class=\"\" style=\"display:block;clear:both;height: 0px;padding-top: 20px;border-top-width:0px;border-bottom-width:0px;\"><\/span><em>De boekjes zijn te koop voor 15 euro plus verzendkosten. Stuur een bericht naar krisspinhoven@hotmail.com<\/em><\/span><\/p>\n<p style=\"text-align: center;\"><span class=\"main-tekst\"><br \/>\n<em>Les livres sont en vente pour 15\u20ac la pi\u00e8ce, plus les frais d\u2019exp\u00e9dition. Envoyez un message \u00e0 krisspinhoven@hotmail.com<\/em><span class=\"\" style=\"display:block;clear:both;height: 0px;padding-top: 20px;border-top-width:0px;border-bottom-width:0px;\"><\/span><\/span><\/p>\n<\/div><\/div><\/div><\/div><\/div><div id=\"pg-2618-4\"  class=\"panel-grid panel-no-style\" ><div id=\"pgc-2618-4-0\"  class=\"panel-grid-cell\" ><div id=\"panel-2618-4-0-0\" class=\"so-panel widget widget_black-studio-tinymce widget_black_studio_tinymce panel-first-child panel-last-child\" data-index=\"4\" ><div class=\"textwidget\"><p><img loading=\"lazy\" decoding=\"async\" class=\"wp-image-2903 size-full aligncenter\" src=\"http:\/\/www.krisspinhoven.com\/wp-content\/uploads\/Screenshot-2019-01-06-at-18.12.24.png\" alt=\"\" width=\"2492\" height=\"880\" srcset=\"https:\/\/www.krisspinhoven.com\/wp-content\/uploads\/Screenshot-2019-01-06-at-18.12.24.png 2492w, https:\/\/www.krisspinhoven.com\/wp-content\/uploads\/Screenshot-2019-01-06-at-18.12.24-300x106.png 300w, https:\/\/www.krisspinhoven.com\/wp-content\/uploads\/Screenshot-2019-01-06-at-18.12.24-768x271.png 768w, https:\/\/www.krisspinhoven.com\/wp-content\/uploads\/Screenshot-2019-01-06-at-18.12.24-1024x362.png 1024w\" sizes=\"auto, (max-width: 2492px) 100vw, 2492px\" \/><\/p>\n<\/div><\/div><\/div><\/div><div id=\"pg-2618-5\"  class=\"panel-grid panel-no-style\" ><div id=\"pgc-2618-5-0\"  class=\"panel-grid-cell\" ><div id=\"panel-2618-5-0-0\" class=\"so-panel widget widget_black-studio-tinymce widget_black_studio_tinymce panel-first-child panel-last-child\" data-index=\"5\" ><div class=\"textwidget\"><p style=\"text-align: center;\"><span class=\"main-tekst\">Klik <a href=\"http:\/\/www.krisspinhoven.com\/wp-content\/uploads\/catalogus-Kris-Spinhoven-corr.pdf\">hier<\/a> om het boek te lezen \/ Cliquez <a href=\"http:\/\/www.krisspinhoven.com\/wp-content\/uploads\/catalogus-Kris-Spinhoven-corr.pdf\">ici<\/a> pour lire le livre<\/span><\/p>\n<\/div><\/div><\/div><\/div><div id=\"pg-2618-6\"  class=\"panel-grid panel-no-style\" ><div id=\"pgc-2618-6-0\"  class=\"panel-grid-cell\" ><div id=\"panel-2618-6-0-0\" class=\"so-panel widget widget_black-studio-tinymce widget_black_studio_tinymce panel-first-child panel-last-child\" data-index=\"6\" ><div class=\"panel-widget-style panel-widget-style-for-2618-6-0-0\" ><div class=\"textwidget\"><\/div><\/div><\/div><\/div><\/div><div id=\"pg-2618-7\"  class=\"panel-grid panel-no-style\" ><div id=\"pgc-2618-7-0\"  class=\"panel-grid-cell\" ><div id=\"panel-2618-7-0-0\" class=\"so-panel widget widget_black-studio-tinymce widget_black_studio_tinymce panel-first-child panel-last-child\" data-index=\"7\" ><div class=\"textwidget\"><p><img loading=\"lazy\" decoding=\"async\" class=\"alignnone wp-image-2622 size-full\" src=\"http:\/\/www.krisspinhoven.com\/wp-content\/uploads\/2018\/01\/opzet-kaft-Ideen-zonder-bleed-en-tekensCMYK-kopie-2-1.png\" alt=\"\" width=\"3331\" height=\"1166\" srcset=\"https:\/\/www.krisspinhoven.com\/wp-content\/uploads\/2018\/01\/opzet-kaft-Ideen-zonder-bleed-en-tekensCMYK-kopie-2-1.png 3331w, https:\/\/www.krisspinhoven.com\/wp-content\/uploads\/2018\/01\/opzet-kaft-Ideen-zonder-bleed-en-tekensCMYK-kopie-2-1-300x105.png 300w, https:\/\/www.krisspinhoven.com\/wp-content\/uploads\/2018\/01\/opzet-kaft-Ideen-zonder-bleed-en-tekensCMYK-kopie-2-1-768x269.png 768w, https:\/\/www.krisspinhoven.com\/wp-content\/uploads\/2018\/01\/opzet-kaft-Ideen-zonder-bleed-en-tekensCMYK-kopie-2-1-1024x358.png 1024w\" sizes=\"auto, (max-width: 3331px) 100vw, 3331px\" \/><\/p>\n<\/div><\/div><\/div><\/div><div id=\"pg-2618-8\"  class=\"panel-grid panel-no-style\" ><div id=\"pgc-2618-8-0\"  class=\"panel-grid-cell\" ><div id=\"panel-2618-8-0-0\" class=\"so-panel widget widget_black-studio-tinymce widget_black_studio_tinymce panel-first-child panel-last-child\" data-index=\"8\" ><div class=\"textwidget\"><p style=\"text-align: center;\"><span class=\"main-tekst\">Klik <a href=\"https:\/\/indd.adobe.com\/view\/4e7bf83f-734a-47b6-9072-285ed6b5ca74\">hier<\/a> om het boek te lezen \/ Cliquez <a href=\"https:\/\/indd.adobe.com\/view\/4e7bf83f-734a-47b6-9072-285ed6b5ca74\">ici<\/a> pour lire le livre<\/span><\/p>\n<\/div><\/div><\/div><\/div><div id=\"pg-2618-9\"  class=\"panel-grid panel-no-style\" ><div id=\"pgc-2618-9-0\"  class=\"panel-grid-cell\" ><div id=\"panel-2618-9-0-0\" class=\"so-panel widget widget_black-studio-tinymce widget_black_studio_tinymce panel-first-child panel-last-child\" data-index=\"9\" ><div class=\"panel-widget-style panel-widget-style-for-2618-9-0-0\" ><div class=\"textwidget\"><\/div><\/div><\/div><\/div><\/div><div id=\"pg-2618-10\"  class=\"panel-grid panel-no-style\" ><div id=\"pgc-2618-10-0\"  class=\"panel-grid-cell\" ><div id=\"panel-2618-10-0-0\" class=\"so-panel widget widget_black-studio-tinymce widget_black_studio_tinymce panel-first-child panel-last-child\" data-index=\"10\" ><div class=\"textwidget\"><p><img loading=\"lazy\" decoding=\"async\" class=\"alignnone wp-image-2627 size-full\" src=\"http:\/\/www.krisspinhoven.com\/wp-content\/uploads\/2018\/01\/kris-spinhoven-berglandschappen-copy.png\" alt=\"\" width=\"1234\" height=\"400\" srcset=\"https:\/\/www.krisspinhoven.com\/wp-content\/uploads\/2018\/01\/kris-spinhoven-berglandschappen-copy.png 1234w, https:\/\/www.krisspinhoven.com\/wp-content\/uploads\/2018\/01\/kris-spinhoven-berglandschappen-copy-300x97.png 300w, https:\/\/www.krisspinhoven.com\/wp-content\/uploads\/2018\/01\/kris-spinhoven-berglandschappen-copy-768x249.png 768w, https:\/\/www.krisspinhoven.com\/wp-content\/uploads\/2018\/01\/kris-spinhoven-berglandschappen-copy-1024x332.png 1024w\" sizes=\"auto, (max-width: 1234px) 100vw, 1234px\" \/><\/p>\n<\/div><\/div><\/div><\/div><div id=\"pg-2618-11\"  class=\"panel-grid panel-no-style\" ><div id=\"pgc-2618-11-0\"  class=\"panel-grid-cell\" ><div id=\"panel-2618-11-0-0\" class=\"so-panel widget widget_black-studio-tinymce widget_black_studio_tinymce panel-first-child panel-last-child\" data-index=\"11\" ><div class=\"textwidget\"><p style=\"text-align: center;\"><span class=\"main-tekst\">Klik <a href=\"http:\/\/www.krisspinhoven.com\/wp-content\/uploads\/berglandschappen.pdf\">hier<\/a> om het boek te lezen \/ Cliquez <a href=\"http:\/\/www.krisspinhoven.com\/wp-content\/uploads\/berglandschappen.pdf\">ici<\/a> pour lire le livre<\/span><\/p>\n<\/div><\/div><\/div><\/div><div id=\"pg-2618-12\"  class=\"panel-grid panel-no-style\" ><div id=\"pgc-2618-12-0\"  class=\"panel-grid-cell\" ><div id=\"panel-2618-12-0-0\" class=\"so-panel widget widget_black-studio-tinymce widget_black_studio_tinymce panel-first-child panel-last-child\" data-index=\"12\" ><div class=\"panel-widget-style panel-widget-style-for-2618-12-0-0\" ><div class=\"textwidget\"><\/div><\/div><\/div><\/div><\/div><\/div>","protected":false,"raw":""},"excerpt":{"rendered":"","protected":false,"raw":""},"author":1,"featured_media":0,"parent":0,"menu_order":0,"comment_status":"closed","ping_status":"closed","template":"page-fullwidth.php","meta":{"_nl_post_content":"<div id=\"pl-2618\"  class=\"panel-layout\" ><div id=\"pg-2618-0\"  class=\"panel-grid panel-no-style\"  data-style=\"{&quot;background_display&quot;:&quot;tile&quot;,&quot;full_height&quot;:&quot;&quot;,&quot;cell_alignment&quot;:&quot;flex-start&quot;}\" ><div id=\"pgc-2618-0-0\"  class=\"panel-grid-cell\"  data-weight=\"1\" ><div id=\"panel-2618-0-0-0\" class=\"so-panel widget widget_black-studio-tinymce widget_black_studio_tinymce panel-first-child panel-last-child\" data-index=\"0\" data-style=\"{&quot;background_image_attachment&quot;:false,&quot;background_display&quot;:&quot;tile&quot;,&quot;border_color&quot;:&quot;#dd9933&quot;}\" ><div class=\"panel-widget-style panel-widget-style-for-2618-0-0-0\" ><div class=\"textwidget\"><\/div><\/div><\/div><\/div><\/div><div id=\"pg-2618-1\"  class=\"panel-grid panel-no-style\"  data-style=\"{&quot;background_display&quot;:&quot;tile&quot;,&quot;full_height&quot;:&quot;&quot;,&quot;cell_alignment&quot;:&quot;flex-start&quot;}\" ><div id=\"pgc-2618-1-0\"  class=\"panel-grid-cell\"  data-weight=\"1\" ><div id=\"panel-2618-1-0-0\" class=\"so-panel widget widget_black-studio-tinymce widget_black_studio_tinymce panel-first-child panel-last-child\" data-index=\"1\" data-style=\"{&quot;background_image_attachment&quot;:false,&quot;background_display&quot;:&quot;tile&quot;,&quot;background_image_size&quot;:&quot;full&quot;,&quot;background_image_opacity&quot;:&quot;100&quot;,&quot;border_thickness&quot;:&quot;1px&quot;}\" ><div class=\"textwidget\"><img class=\"aligncenter wp-image-2916 size-large\" src=\"http:\/\/www.krisspinhoven.com\/wp-content\/uploads\/thumbnail_Schermafbeelding-2019-01-06-om-20.50.20-1024x250.png\" alt=\"\" width=\"1024\" height=\"250\">\n\n&nbsp;\n<p style=\"text-align: center;\"><span class=\"main-tekst-kleurexpo\">Trajectoire - Interview<\/span><\/p>\n\n&nbsp;\n<a href=\"https:\/\/www.mixcloud.com\/trajectoire\/kris-spinhoven-peintre-du-tri%C3%A8ves\/\"><span class=\"main-tekst-kleurexpo\">Cliquez ici:<\/span> <\/a>\n\n<span class=\"main-tekst\">Qu'elle peigne les paysages du Tri\u00e8ves ou de Hollande, ou encore des portraits, Kris chercher \u00e0 approfondir son sujet, \u00e0 aller au-del\u00e0 des apparences... Laissez-vous toucher \u00e0 votre tour!<\/span>\n\n&nbsp;\n\n<a href=\"https:\/\/www.mixcloud.com\/trajectoire\/kris-spinhoven-peintre-du-tri%C3%A8ves\/\"><span class=\"main-tekst-kleurexpo\">Klik hier:<\/span> <\/a>\n\n<span class=\"main-tekst\">Be it in Netherland or in France, painting landscapes or portraying people, Kris tries to stay deeply close to what she paints and to drive you in this intimacy....So let's follow her!<\/span><\/div><\/div><\/div><\/div><div id=\"pg-2618-2\"  class=\"panel-grid panel-no-style\"  data-style=\"{&quot;background_display&quot;:&quot;tile&quot;,&quot;full_height&quot;:&quot;&quot;,&quot;cell_alignment&quot;:&quot;flex-start&quot;}\" ><div id=\"pgc-2618-2-0\"  class=\"panel-grid-cell\"  data-weight=\"1\" ><div id=\"panel-2618-2-0-0\" class=\"so-panel widget widget_black-studio-tinymce widget_black_studio_tinymce panel-first-child panel-last-child\" data-index=\"2\" data-style=\"{&quot;background_image_attachment&quot;:false,&quot;background_display&quot;:&quot;tile&quot;,&quot;border_color&quot;:&quot;#dd9933&quot;}\" ><div class=\"panel-widget-style panel-widget-style-for-2618-2-0-0\" ><div class=\"textwidget\"><\/div><\/div><\/div><\/div><\/div><div id=\"pg-2618-3\"  class=\"panel-grid panel-no-style\"  data-style=\"{&quot;background_display&quot;:&quot;tile&quot;,&quot;full_height&quot;:&quot;&quot;,&quot;cell_alignment&quot;:&quot;flex-start&quot;}\" ><div id=\"pgc-2618-3-0\"  class=\"panel-grid-cell\"  data-weight=\"1\" ><div id=\"panel-2618-3-0-0\" class=\"so-panel widget widget_black-studio-tinymce widget_black_studio_tinymce panel-first-child panel-last-child\" data-index=\"3\" data-style=\"{&quot;background_image_attachment&quot;:false,&quot;background_display&quot;:&quot;tile&quot;,&quot;border_color&quot;:&quot;#dd9933&quot;}\" ><div class=\"panel-widget-style panel-widget-style-for-2618-3-0-0\" ><div class=\"textwidget\"><p style=\"text-align: center;\"><span class=\"main-tekst\"><span class=\"\" style=\"display:block;clear:both;height: 0px;padding-top: 20px;border-top-width:0px;border-bottom-width:0px;\"><\/span><em>De boekjes zijn te koop voor 15 euro plus verzendkosten. Stuur een bericht naar krisspinhoven@hotmail.com<\/em><\/span><\/p>\n<p style=\"text-align: center;\"><span class=\"main-tekst\">\n<em>Les livres sont en vente pour 15\u20ac la pi\u00e8ce, plus les frais d\u2019exp\u00e9dition. Envoyez un message \u00e0 krisspinhoven@hotmail.com<\/em><span class=\"\" style=\"display:block;clear:both;height: 0px;padding-top: 20px;border-top-width:0px;border-bottom-width:0px;\"><\/span><\/span><\/p><\/div><\/div><\/div><\/div><\/div><div id=\"pg-2618-4\"  class=\"panel-grid panel-no-style\"  data-style=\"{&quot;background_display&quot;:&quot;tile&quot;,&quot;full_height&quot;:&quot;&quot;,&quot;cell_alignment&quot;:&quot;flex-start&quot;}\" ><div id=\"pgc-2618-4-0\"  class=\"panel-grid-cell\"  data-weight=\"1\" ><div id=\"panel-2618-4-0-0\" class=\"so-panel widget widget_black-studio-tinymce widget_black_studio_tinymce panel-first-child panel-last-child\" data-index=\"4\" data-style=\"{&quot;background_image_attachment&quot;:false,&quot;background_display&quot;:&quot;tile&quot;}\" ><div class=\"textwidget\"><img class=\"wp-image-2903 size-full aligncenter\" src=\"http:\/\/www.krisspinhoven.com\/wp-content\/uploads\/Screenshot-2019-01-06-at-18.12.24.png\" alt=\"\" width=\"2492\" height=\"880\"><\/div><\/div><\/div><\/div><div id=\"pg-2618-5\"  class=\"panel-grid panel-no-style\"  data-style=\"{&quot;background_display&quot;:&quot;tile&quot;,&quot;full_height&quot;:&quot;&quot;,&quot;cell_alignment&quot;:&quot;flex-start&quot;}\" ><div id=\"pgc-2618-5-0\"  class=\"panel-grid-cell\"  data-weight=\"1\" ><div id=\"panel-2618-5-0-0\" class=\"so-panel widget widget_black-studio-tinymce widget_black_studio_tinymce panel-first-child panel-last-child\" data-index=\"5\" data-style=\"{&quot;background_image_attachment&quot;:false,&quot;background_display&quot;:&quot;tile&quot;}\" ><div class=\"textwidget\"><p style=\"text-align: center;\"><span class=\"main-tekst\">Klik <a href=\"http:\/\/www.krisspinhoven.com\/wp-content\/uploads\/catalogus-Kris-Spinhoven-corr.pdf\">hier<\/a> om het boek te lezen \/ Cliquez <a href=\"http:\/\/www.krisspinhoven.com\/wp-content\/uploads\/catalogus-Kris-Spinhoven-corr.pdf\">ici<\/a> pour lire le livre<\/span><\/p><\/div><\/div><\/div><\/div><div id=\"pg-2618-6\"  class=\"panel-grid panel-no-style\"  data-style=\"{&quot;background_display&quot;:&quot;tile&quot;,&quot;full_height&quot;:&quot;&quot;,&quot;cell_alignment&quot;:&quot;flex-start&quot;}\" ><div id=\"pgc-2618-6-0\"  class=\"panel-grid-cell\"  data-weight=\"1\" ><div id=\"panel-2618-6-0-0\" class=\"so-panel widget widget_black-studio-tinymce widget_black_studio_tinymce panel-first-child panel-last-child\" data-index=\"6\" data-style=\"{&quot;background_display&quot;:&quot;tile&quot;,&quot;border_color&quot;:&quot;#dd9933&quot;}\" ><div class=\"panel-widget-style panel-widget-style-for-2618-6-0-0\" ><div class=\"textwidget\"><\/div><\/div><\/div><\/div><\/div><div id=\"pg-2618-7\"  class=\"panel-grid panel-no-style\"  data-style=\"{&quot;background_display&quot;:&quot;tile&quot;,&quot;full_height&quot;:&quot;&quot;,&quot;cell_alignment&quot;:&quot;flex-start&quot;}\" ><div id=\"pgc-2618-7-0\"  class=\"panel-grid-cell\"  data-weight=\"1\" ><div id=\"panel-2618-7-0-0\" class=\"so-panel widget widget_black-studio-tinymce widget_black_studio_tinymce panel-first-child panel-last-child\" data-index=\"7\" data-style=\"{&quot;background_display&quot;:&quot;tile&quot;}\" ><div class=\"textwidget\"><img class=\"alignnone wp-image-2622 size-full\" src=\"http:\/\/www.krisspinhoven.com\/wp-content\/uploads\/2018\/01\/opzet-kaft-Ideen-zonder-bleed-en-tekensCMYK-kopie-2-1.png\" alt=\"\" width=\"3331\" height=\"1166\"><\/div><\/div><\/div><\/div><div id=\"pg-2618-8\"  class=\"panel-grid panel-no-style\"  data-style=\"{&quot;background_display&quot;:&quot;tile&quot;,&quot;full_height&quot;:&quot;&quot;,&quot;cell_alignment&quot;:&quot;flex-start&quot;}\" ><div id=\"pgc-2618-8-0\"  class=\"panel-grid-cell\"  data-weight=\"1\" ><div id=\"panel-2618-8-0-0\" class=\"so-panel widget widget_black-studio-tinymce widget_black_studio_tinymce panel-first-child panel-last-child\" data-index=\"8\" data-style=\"{&quot;background_image_attachment&quot;:false,&quot;background_display&quot;:&quot;tile&quot;}\" ><div class=\"textwidget\"><p style=\"text-align: center;\"><span class=\"main-tekst\">Klik <a href=\"https:\/\/indd.adobe.com\/view\/4e7bf83f-734a-47b6-9072-285ed6b5ca74\">hier<\/a> om het boek te lezen \/ Cliquez <a href=\"https:\/\/indd.adobe.com\/view\/4e7bf83f-734a-47b6-9072-285ed6b5ca74\">ici<\/a> pour lire le livre<\/span><\/p><\/div><\/div><\/div><\/div><div id=\"pg-2618-9\"  class=\"panel-grid panel-no-style\"  data-style=\"{&quot;background_display&quot;:&quot;tile&quot;,&quot;full_height&quot;:&quot;&quot;,&quot;cell_alignment&quot;:&quot;flex-start&quot;}\" ><div id=\"pgc-2618-9-0\"  class=\"panel-grid-cell\"  data-weight=\"1\" ><div id=\"panel-2618-9-0-0\" class=\"so-panel widget widget_black-studio-tinymce widget_black_studio_tinymce panel-first-child panel-last-child\" data-index=\"9\" data-style=\"{&quot;background_image_attachment&quot;:false,&quot;background_display&quot;:&quot;tile&quot;,&quot;border_color&quot;:&quot;#dd9933&quot;}\" ><div class=\"panel-widget-style panel-widget-style-for-2618-9-0-0\" ><div class=\"textwidget\"><\/div><\/div><\/div><\/div><\/div><div id=\"pg-2618-10\"  class=\"panel-grid panel-no-style\"  data-style=\"{&quot;background_display&quot;:&quot;tile&quot;,&quot;full_height&quot;:&quot;&quot;,&quot;cell_alignment&quot;:&quot;flex-start&quot;}\" ><div id=\"pgc-2618-10-0\"  class=\"panel-grid-cell\"  data-weight=\"1\" ><div id=\"panel-2618-10-0-0\" class=\"so-panel widget widget_black-studio-tinymce widget_black_studio_tinymce panel-first-child panel-last-child\" data-index=\"10\" data-style=\"{&quot;background_display&quot;:&quot;tile&quot;}\" ><div class=\"textwidget\"><p><img class=\"alignnone wp-image-2627 size-full\" src=\"http:\/\/www.krisspinhoven.com\/wp-content\/uploads\/2018\/01\/kris-spinhoven-berglandschappen-copy.png\" alt=\"\" width=\"1234\" height=\"400\"><\/p><\/div><\/div><\/div><\/div><div id=\"pg-2618-11\"  class=\"panel-grid panel-no-style\"  data-style=\"{&quot;background_display&quot;:&quot;tile&quot;,&quot;full_height&quot;:&quot;&quot;,&quot;cell_alignment&quot;:&quot;flex-start&quot;}\" ><div id=\"pgc-2618-11-0\"  class=\"panel-grid-cell\"  data-weight=\"1\" ><div id=\"panel-2618-11-0-0\" class=\"so-panel widget widget_black-studio-tinymce widget_black_studio_tinymce panel-first-child panel-last-child\" data-index=\"11\" data-style=\"{&quot;background_image_attachment&quot;:false,&quot;background_display&quot;:&quot;tile&quot;}\" ><div class=\"textwidget\"><p style=\"text-align: center;\"><span class=\"main-tekst\">Klik <a href=\"http:\/\/www.krisspinhoven.com\/wp-content\/uploads\/berglandschappen.pdf\">hier<\/a> om het boek te lezen \/ Cliquez <a href=\"http:\/\/www.krisspinhoven.com\/wp-content\/uploads\/berglandschappen.pdf\">ici<\/a> pour lire le livre<\/span><\/p><\/div><\/div><\/div><\/div><div id=\"pg-2618-12\"  class=\"panel-grid panel-no-style\"  data-style=\"{&quot;background_display&quot;:&quot;tile&quot;,&quot;full_height&quot;:&quot;&quot;,&quot;cell_alignment&quot;:&quot;flex-start&quot;}\" ><div id=\"pgc-2618-12-0\"  class=\"panel-grid-cell\"  data-weight=\"1\" ><div id=\"panel-2618-12-0-0\" class=\"so-panel widget widget_black-studio-tinymce widget_black_studio_tinymce panel-first-child panel-last-child\" data-index=\"12\" data-style=\"{&quot;background_display&quot;:&quot;tile&quot;,&quot;border_color&quot;:&quot;#dd9933&quot;}\" ><div class=\"panel-widget-style panel-widget-style-for-2618-12-0-0\" ><div class=\"textwidget\"><\/div><\/div><\/div><\/div><\/div><\/div>","_nl_post_name":"publicaties","_nl_post_excerpt":"","_nl_post_title":"publicaties","_fr_post_content":"","_fr_post_name":"publications","_fr_post_excerpt":"","_fr_post_title":"","edit_language":"fr","ngg_post_thumbnail":0,"footnotes":""},"class_list":["post-2618","page","type-page","status-publish","hentry"],"_links":{"self":[{"href":"https:\/\/www.krisspinhoven.com\/fr\/wp-json\/wp\/v2\/pages\/2618","targetHints":{"allow":["GET"]}}],"collection":[{"href":"https:\/\/www.krisspinhoven.com\/fr\/wp-json\/wp\/v2\/pages"}],"about":[{"href":"https:\/\/www.krisspinhoven.com\/fr\/wp-json\/wp\/v2\/types\/page"}],"author":[{"embeddable":true,"href":"https:\/\/www.krisspinhoven.com\/fr\/wp-json\/wp\/v2\/users\/1"}],"replies":[{"embeddable":true,"href":"https:\/\/www.krisspinhoven.com\/fr\/wp-json\/wp\/v2\/comments?post=2618"}],"version-history":[{"count":31,"href":"https:\/\/www.krisspinhoven.com\/fr\/wp-json\/wp\/v2\/pages\/2618\/revisions"}],"predecessor-version":[{"id":3543,"href":"https:\/\/www.krisspinhoven.com\/fr\/wp-json\/wp\/v2\/pages\/2618\/revisions\/3543"}],"wp:attachment":[{"href":"https:\/\/www.krisspinhoven.com\/fr\/wp-json\/wp\/v2\/media?parent=2618"}],"curies":[{"name":"wp","href":"https:\/\/api.w.org\/{rel}","templated":true}]}}